{"id":11,"date":"2020-01-15T14:57:39","date_gmt":"2020-01-15T14:57:39","guid":{"rendered":"https:\/\/shop.iconikair.com\/index.php\/impressum\/"},"modified":"2025-05-26T11:57:06","modified_gmt":"2025-05-26T11:57:06","slug":"impressum","status":"publish","type":"page","link":"https:\/\/shop.iconikair.com\/index.php\/impressum\/","title":{"rendered":"Impressum"},"content":{"rendered":"\n<p><strong>Impressum<\/strong><\/p>\n\n\n\n<p>Angaben gem\u00e4\u00df \u00a7 5 TMG<\/p>\n\n\n\n<p><strong>ICONIKAIR!<\/strong><br>NEXTING GmbH<br>Blumenstra\u00dfe 36<br>D-22301 Hamburg<\/p>\n\n\n\n<p>Handelsregister: HRB 152955<br>Registergericht:&nbsp; Amtsgericht Hamburg<\/p>\n\n\n\n<p>Vertreten durch die Gesch\u00e4ftsf\u00fchrer: Jan-Moritz Altem\u00f6ller \/ Joy Nevine Altem\u00f6ller<\/p>\n\n\n\n<p><strong>Kontakt<\/strong><\/p>\n\n\n\n<p>Telefon: +49 40 42938976<br>E-Mail:&nbsp; info@iconikair.com<\/p>\n\n\n\n<p><strong>Umsatzsteuer-ID<\/strong><\/p>\n\n\n\n<p>Umsatzsteuer-Identifikationsnummer gem\u00e4\u00df \u00a727 a Umsatzsteuergesetz: DE 319 725 130<\/p>\n\n\n\n<p><strong>Streitschlichtung<\/strong><\/p>\n\n\n\n<p>Die Europ\u00e4ische Kommission stellt eine Plattform zur \nOnline-Streitbeilegung (OS) bereit: https:\/\/ec.europa.eu\/consumers\/odr. \nUnsere E-Mail-Adresse finden Sie oben im Impressum.<\/p>\n\n\n\n<p>Wir sind nicht bereit oder verpflichtet, an Streitbeilegungsverfahren vor einer Verbraucherschlichtungsstelle teilzunehmen.<\/p>\n\n\n\n<p><strong>Haftung f\u00fcr Inhalte<\/strong><\/p>\n\n\n\n<p>Als Diensteanbieter sind wir gem\u00e4\u00df \u00a7 7 Abs.1 TMG f\u00fcr eigene Inhalte \nauf diesen Seiten nach den allgemeinen Gesetzen verantwortlich. Nach \u00a7\u00a7 8\n bis 10 TMG sind wir als Diensteanbieter jedoch nicht verpflichtet, \n\u00fcbermittelte oder gespeicherte fremde Informationen zu \u00fcberwachen oder \nnach Umst\u00e4nden zu forschen, die auf eine rechtswidrige T\u00e4tigkeit \nhinweisen.<\/p>\n\n\n\n<p>Verpflichtungen zur Entfernung oder Sperrung der Nutzung von \nInformationen nach den allgemeinen Gesetzen bleiben hiervon unber\u00fchrt. \nEine diesbez\u00fcgliche Haftung ist jedoch erst ab dem Zeitpunkt der \nKenntnis einer konkreten Rechtsverletzung m\u00f6glich. Bei Bekanntwerden von\n entsprechenden Rechtsverletzungen werden wir diese Inhalte umgehend \nentfernen.<\/p>\n\n\n\n<p><strong>Haftung f\u00fcr Links<\/strong><\/p>\n\n\n\n<p>Unser Angebot enth\u00e4lt Links zu externen Websites Dritter, auf deren \nInhalte wir keinen Einfluss haben. Deshalb k\u00f6nnen wir f\u00fcr diese fremden \nInhalte auch keine Gew\u00e4hr \u00fcbernehmen. F\u00fcr die Inhalte der verlinkten \nSeiten ist stets der jeweilige Anbieter oder Betreiber der Seiten \nverantwortlich. Die verlinkten Seiten wurden zum Zeitpunkt der \nVerlinkung auf m\u00f6gliche Rechtsverst\u00f6\u00dfe \u00fcberpr\u00fcft. Rechtswidrige Inhalte \nwaren zum Zeitpunkt der Verlinkung nicht erkennbar.<\/p>\n\n\n\n<p>Eine permanente inhaltliche Kontrolle der verlinkten Seiten ist \njedoch ohne konkrete Anhaltspunkte einer Rechtsverletzung nicht \nzumutbar. Bei Bekanntwerden von Rechtsverletzungen werden wir derartige \nLinks umgehend entfernen.<\/p>\n\n\n\n<p><strong>Urheberrecht<\/strong><\/p>\n\n\n\n<p>Die durch die Seitenbetreiber erstellten Inhalte und Werke auf diesen\n Seiten unterliegen dem deutschen Urheberrecht. Die Vervielf\u00e4ltigung, \nBearbeitung, Verbreitung und jede Art der Verwertung au\u00dferhalb der \nGrenzen des Urheberrechtes bed\u00fcrfen der schriftlichen Zustimmung des \njeweiligen Autors bzw. Erstellers. Downloads und Kopien dieser Seite \nsind nur f\u00fcr den privaten, nicht kommerziellen Gebrauch gestattet.<\/p>\n\n\n\n<p>Soweit die Inhalte auf dieser Seite nicht vom Betreiber erstellt \nwurden, werden die Urheberrechte Dritter beachtet. Insbesondere werden \nInhalte Dritter als solche gekennzeichnet. Sollten Sie trotzdem auf eine\n Urheberrechtsverletzung aufmerksam werden, bitten wir um einen \nentsprechenden Hinweis. Bei Bekanntwerden von Rechtsverletzungen werden \nwir derartige Inhalte umgehend entfernen.<\/p>\n\n\n\n<p>Quelle: https:\/\/www.e-recht24.de<\/p>\n","protected":false},"excerpt":{"rendered":"<p>Impressum Angaben gem\u00e4\u00df \u00a7 5 TMG ICONIKAIR!NEXTING GmbHBlumenstra\u00dfe 36D-22301 Hamburg Handelsregister: HRB 152955Registergericht:&nbsp; Amtsgericht Hamburg Vertreten durch die Gesch\u00e4ftsf\u00fchrer: Jan-Moritz Altem\u00f6ller \/ Joy Nevine Altem\u00f6ller Kontakt Telefon: +49 40 42938976E-Mail:&nbsp; &#8230;<\/p>\n","protected":false},"author":1,"featured_media":0,"parent":0,"menu_order":0,"comment_status":"closed","ping_status":"closed","template":"","meta":{"footnotes":""},"class_list":["post-11","page","type-page","status-publish","hentry"],"yoast_head":"<!-- This site is optimized with the Yoast SEO plugin v27.5 - https:\/\/yoast.com\/product\/yoast-seo-wordpress\/ -->\n<title>Impressum - ICONIKAIR!\u00ae - PATENTED KOREAN HAIR BRUSH REVOLUTION<\/title>\n<meta name=\"robots\" content=\"index, follow, max-snippet:-1, max-image-preview:large, max-video-preview:-1\" \/>\n<link rel=\"canonical\" href=\"https:\/\/shop.iconikair.com\/index.php\/impressum\/\" \/>\n<meta property=\"og:locale\" content=\"de_DE\" \/>\n<meta property=\"og:type\" content=\"article\" \/>\n<meta property=\"og:title\" content=\"Impressum - ICONIKAIR!\u00ae - PATENTED KOREAN HAIR BRUSH REVOLUTION\" \/>\n<meta property=\"og:description\" content=\"Impressum Angaben gem\u00e4\u00df \u00a7 5 TMG ICONIKAIR!NEXTING GmbHBlumenstra\u00dfe 36D-22301 Hamburg Handelsregister: HRB 152955Registergericht:&nbsp; Amtsgericht Hamburg Vertreten durch die Gesch\u00e4ftsf\u00fchrer: Jan-Moritz Altem\u00f6ller \/ Joy Nevine Altem\u00f6ller Kontakt Telefon: +49 40 42938976E-Mail:&nbsp; ...\" \/>\n<meta property=\"og:url\" content=\"https:\/\/shop.iconikair.com\/index.php\/impressum\/\" \/>\n<meta property=\"og:site_name\" content=\"ICONIKAIR!\u00ae -- PATENTED KOREAN HAIR BRUSH REVOLUTION\" \/>\n<meta property=\"article:publisher\" content=\"https:\/\/www.facebook.com\/ICONIKAIR-103047561126156\/\" \/>\n<meta property=\"article:modified_time\" content=\"2025-05-26T11:57:06+00:00\" \/>\n<meta name=\"twitter:card\" content=\"summary_large_image\" \/>\n<meta name=\"twitter:label1\" content=\"Gesch\u00e4tzte Lesezeit\" \/>\n\t<meta name=\"twitter:data1\" content=\"3\u00a0Minuten\" \/>\n<script type=\"application\/ld+json\" class=\"yoast-schema-graph\">{\"@context\":\"https:\\\/\\\/schema.org\",\"@graph\":[{\"@type\":\"WebPage\",\"@id\":\"https:\\\/\\\/shop.iconikair.com\\\/index.php\\\/impressum\\\/\",\"url\":\"https:\\\/\\\/shop.iconikair.com\\\/index.php\\\/impressum\\\/\",\"name\":\"Impressum - ICONIKAIR!\u00ae - PATENTED KOREAN HAIR BRUSH REVOLUTION\",\"isPartOf\":{\"@id\":\"https:\\\/\\\/shop.iconikair.com\\\/#website\"},\"datePublished\":\"2020-01-15T14:57:39+00:00\",\"dateModified\":\"2025-05-26T11:57:06+00:00\",\"breadcrumb\":{\"@id\":\"https:\\\/\\\/shop.iconikair.com\\\/index.php\\\/impressum\\\/#breadcrumb\"},\"inLanguage\":\"de\",\"potentialAction\":[{\"@type\":\"ReadAction\",\"target\":[\"https:\\\/\\\/shop.iconikair.com\\\/index.php\\\/impressum\\\/\"]}]},{\"@type\":\"BreadcrumbList\",\"@id\":\"https:\\\/\\\/shop.iconikair.com\\\/index.php\\\/impressum\\\/#breadcrumb\",\"itemListElement\":[{\"@type\":\"ListItem\",\"position\":1,\"name\":\"Startseite\",\"item\":\"https:\\\/\\\/shop.iconikair.com\\\/\"},{\"@type\":\"ListItem\",\"position\":2,\"name\":\"Impressum\"}]},{\"@type\":\"WebSite\",\"@id\":\"https:\\\/\\\/shop.iconikair.com\\\/#website\",\"url\":\"https:\\\/\\\/shop.iconikair.com\\\/\",\"name\":\"ICONIKAIR!\u00ae\",\"description\":\"Das Original aus S\u00fcdkorea!\",\"publisher\":{\"@id\":\"https:\\\/\\\/shop.iconikair.com\\\/#organization\"},\"potentialAction\":[{\"@type\":\"SearchAction\",\"target\":{\"@type\":\"EntryPoint\",\"urlTemplate\":\"https:\\\/\\\/shop.iconikair.com\\\/?s={search_term_string}\"},\"query-input\":{\"@type\":\"PropertyValueSpecification\",\"valueRequired\":true,\"valueName\":\"search_term_string\"}}],\"inLanguage\":\"de\"},{\"@type\":\"Organization\",\"@id\":\"https:\\\/\\\/shop.iconikair.com\\\/#organization\",\"name\":\"ICONIKAIR!\",\"url\":\"https:\\\/\\\/shop.iconikair.com\\\/\",\"logo\":{\"@type\":\"ImageObject\",\"inLanguage\":\"de\",\"@id\":\"https:\\\/\\\/shop.iconikair.com\\\/#\\\/schema\\\/logo\\\/image\\\/\",\"url\":\"https:\\\/\\\/shop.iconikair.com\\\/wp-content\\\/uploads\\\/2020\\\/01\\\/LOGO-BLACK-jpeg-scaled.jpg\",\"contentUrl\":\"https:\\\/\\\/shop.iconikair.com\\\/wp-content\\\/uploads\\\/2020\\\/01\\\/LOGO-BLACK-jpeg-scaled.jpg\",\"width\":2560,\"height\":685,\"caption\":\"ICONIKAIR!\"},\"image\":{\"@id\":\"https:\\\/\\\/shop.iconikair.com\\\/#\\\/schema\\\/logo\\\/image\\\/\"},\"sameAs\":[\"https:\\\/\\\/www.facebook.com\\\/ICONIKAIR-103047561126156\\\/\",\"https:\\\/\\\/www.instagram.com\\\/iconikair\\\/\"]}]}<\/script>\n<!-- \/ Yoast SEO plugin. -->","yoast_head_json":{"title":"Impressum - ICONIKAIR!\u00ae - PATENTED KOREAN HAIR BRUSH REVOLUTION","robots":{"index":"index","follow":"follow","max-snippet":"max-snippet:-1","max-image-preview":"max-image-preview:large","max-video-preview":"max-video-preview:-1"},"canonical":"https:\/\/shop.iconikair.com\/index.php\/impressum\/","og_locale":"de_DE","og_type":"article","og_title":"Impressum - ICONIKAIR!\u00ae - PATENTED KOREAN HAIR BRUSH REVOLUTION","og_description":"Impressum Angaben gem\u00e4\u00df \u00a7 5 TMG ICONIKAIR!NEXTING GmbHBlumenstra\u00dfe 36D-22301 Hamburg Handelsregister: HRB 152955Registergericht:&nbsp; Amtsgericht Hamburg Vertreten durch die Gesch\u00e4ftsf\u00fchrer: Jan-Moritz Altem\u00f6ller \/ Joy Nevine Altem\u00f6ller Kontakt Telefon: +49 40 42938976E-Mail:&nbsp; ...","og_url":"https:\/\/shop.iconikair.com\/index.php\/impressum\/","og_site_name":"ICONIKAIR!\u00ae -- PATENTED KOREAN HAIR BRUSH REVOLUTION","article_publisher":"https:\/\/www.facebook.com\/ICONIKAIR-103047561126156\/","article_modified_time":"2025-05-26T11:57:06+00:00","twitter_card":"summary_large_image","twitter_misc":{"Gesch\u00e4tzte Lesezeit":"3\u00a0Minuten"},"schema":{"@context":"https:\/\/schema.org","@graph":[{"@type":"WebPage","@id":"https:\/\/shop.iconikair.com\/index.php\/impressum\/","url":"https:\/\/shop.iconikair.com\/index.php\/impressum\/","name":"Impressum - ICONIKAIR!\u00ae - PATENTED KOREAN HAIR BRUSH REVOLUTION","isPartOf":{"@id":"https:\/\/shop.iconikair.com\/#website"},"datePublished":"2020-01-15T14:57:39+00:00","dateModified":"2025-05-26T11:57:06+00:00","breadcrumb":{"@id":"https:\/\/shop.iconikair.com\/index.php\/impressum\/#breadcrumb"},"inLanguage":"de","potentialAction":[{"@type":"ReadAction","target":["https:\/\/shop.iconikair.com\/index.php\/impressum\/"]}]},{"@type":"BreadcrumbList","@id":"https:\/\/shop.iconikair.com\/index.php\/impressum\/#breadcrumb","itemListElement":[{"@type":"ListItem","position":1,"name":"Startseite","item":"https:\/\/shop.iconikair.com\/"},{"@type":"ListItem","position":2,"name":"Impressum"}]},{"@type":"WebSite","@id":"https:\/\/shop.iconikair.com\/#website","url":"https:\/\/shop.iconikair.com\/","name":"ICONIKAIR!\u00ae","description":"Das Original aus S\u00fcdkorea!","publisher":{"@id":"https:\/\/shop.iconikair.com\/#organization"},"potentialAction":[{"@type":"SearchAction","target":{"@type":"EntryPoint","urlTemplate":"https:\/\/shop.iconikair.com\/?s={search_term_string}"},"query-input":{"@type":"PropertyValueSpecification","valueRequired":true,"valueName":"search_term_string"}}],"inLanguage":"de"},{"@type":"Organization","@id":"https:\/\/shop.iconikair.com\/#organization","name":"ICONIKAIR!","url":"https:\/\/shop.iconikair.com\/","logo":{"@type":"ImageObject","inLanguage":"de","@id":"https:\/\/shop.iconikair.com\/#\/schema\/logo\/image\/","url":"https:\/\/shop.iconikair.com\/wp-content\/uploads\/2020\/01\/LOGO-BLACK-jpeg-scaled.jpg","contentUrl":"https:\/\/shop.iconikair.com\/wp-content\/uploads\/2020\/01\/LOGO-BLACK-jpeg-scaled.jpg","width":2560,"height":685,"caption":"ICONIKAIR!"},"image":{"@id":"https:\/\/shop.iconikair.com\/#\/schema\/logo\/image\/"},"sameAs":["https:\/\/www.facebook.com\/ICONIKAIR-103047561126156\/","https:\/\/www.instagram.com\/iconikair\/"]}]}},"_links":{"self":[{"href":"https:\/\/shop.iconikair.com\/index.php\/wp-json\/wp\/v2\/pages\/11","targetHints":{"allow":["GET"]}}],"collection":[{"href":"https:\/\/shop.iconikair.com\/index.php\/wp-json\/wp\/v2\/pages"}],"about":[{"href":"https:\/\/shop.iconikair.com\/index.php\/wp-json\/wp\/v2\/types\/page"}],"author":[{"embeddable":true,"href":"https:\/\/shop.iconikair.com\/index.php\/wp-json\/wp\/v2\/users\/1"}],"replies":[{"embeddable":true,"href":"https:\/\/shop.iconikair.com\/index.php\/wp-json\/wp\/v2\/comments?post=11"}],"version-history":[{"count":5,"href":"https:\/\/shop.iconikair.com\/index.php\/wp-json\/wp\/v2\/pages\/11\/revisions"}],"predecessor-version":[{"id":3162,"href":"https:\/\/shop.iconikair.com\/index.php\/wp-json\/wp\/v2\/pages\/11\/revisions\/3162"}],"wp:attachment":[{"href":"https:\/\/shop.iconikair.com\/index.php\/wp-json\/wp\/v2\/media?parent=11"}],"curies":[{"name":"wp","href":"https:\/\/api.w.org\/{rel}","templated":true}]}}