{"id":13,"date":"2020-01-15T14:57:39","date_gmt":"2020-01-15T14:57:39","guid":{"rendered":"https:\/\/shop.iconikair.com\/index.php\/widerrufsbelehrung\/"},"modified":"2024-01-15T10:22:02","modified_gmt":"2024-01-15T10:22:02","slug":"widerrufsbelehrung","status":"publish","type":"page","link":"https:\/\/shop.iconikair.com\/index.php\/widerrufsbelehrung\/","title":{"rendered":"Widerrufsbelehrung"},"content":{"rendered":"\n<h3 class=\"wp-block-heading\">Widerrufsrecht f\u00fcr Verbraucher<\/h3>\n\n\n\n<p>(Verbraucher ist jede nat\u00fcrliche Person, die ein Rechtsgesch\u00e4ft zu \nZwecken abschlie\u00dft, die \u00fcberwiegend weder ihrer gewerblichen noch ihrer \nselbstst\u00e4ndigen beruflichen T\u00e4tigkeit zugerechnet werden kann.)<\/p>\n\n\n\n<h1 class=\"wp-block-heading\">Widerrufsbelehrung<\/h1>\n\n\n\n<h3 class=\"wp-block-heading\">Widerrufsrecht<\/h3>\n\n\n\n<p>Sie haben das Recht, binnen vierzehn Tagen ohne Angabe von Gr\u00fcnden diesen Vertrag zu widerrufen.<\/p>\n\n\n\n<p>Die Widerrufsfrist betr\u00e4gt vierzehn Tage ab dem Tag,<\/p>\n\n\n\n<ul class=\"wp-block-list\">\n<li>an dem Sie oder ein von Ihnen benannter Dritter, der nicht der \nBef\u00f6rderer ist, die Waren in Besitz genommen haben bzw. hat, sofern Sie \neine oder mehrere Waren im Rahmen einer einheitlichen Bestellung \nbestellt haben und diese einheitlich geliefert wird bzw. werden, oder<\/li>\n\n\n\n<li>an dem Sie oder ein von Ihnen benannter Dritter, der nicht der \nBef\u00f6rderer ist, die letzte Ware in Besitz genommen haben bzw. hat, \nsofern Sie mehrere Waren im Rahmen einer einheitlichen Bestellung \nbestellt haben und diese getrennt geliefert werden, oder<\/li>\n\n\n\n<li>an dem Sie oder ein von Ihnen benannter Dritter, der nicht der \nBef\u00f6rderer ist, die letzte Teilsendung oder das letzte St\u00fcck in Besitz \ngenommen haben bzw. hat, sofern Sie eine Ware bestellt haben, die in \nmehreren Teilsendungen oder St\u00fccken geliefert wird, oder<\/li>\n\n\n\n<li>an dem Sie oder ein von Ihnen benannter Dritter, der nicht der \nBef\u00f6rderer ist, die erste Ware in Besitz genommen haben bzw. hat, sofern\n Sie einen Vertrag zur regelm\u00e4\u00dfigen Lieferung von Waren \u00fcber einen \nfestgelegten Zeitraum hinweg geschlossen haben.<\/li>\n<\/ul>\n\n\n\n<p>Um Ihr Widerrufsrecht auszu\u00fcben, m\u00fcssen Sie uns (NEXTING GmbH, Blumenstra\u00dfe 36, 22301 Hamburg, Deutschland, Telefonnummer:  040 42938976, E-Mail-Adresse: info@nexting-hamburg.com) mittels einer  eindeutigen Erkl\u00e4rung (z.B. ein mit der Post versandter Brief, E-Mail)  \u00fcber Ihren Entschluss, diesen Vertrag zu widerrufen, informieren. Sie  k\u00f6nnen daf\u00fcr das beigef\u00fcgte Muster-Widerrufsformular verwenden, das  jedoch nicht vorgeschrieben ist.<\/p>\n\n\n\n<p>Zur Wahrung der Widerrufsfrist reicht es aus, dass Sie die Mitteilung\n \u00fcber die Aus\u00fcbung des Widerrufsrechts vor Ablauf der Widerrufsfrist \nabsenden.<\/p>\n\n\n\n<h3 class=\"wp-block-heading\">Folgen des Widerrufs<\/h3>\n\n\n\n<p>Wenn Sie diesen Vertrag widerrufen, haben wir Ihnen alle Zahlungen, \ndie wir von Ihnen erhalten haben, einschlie\u00dflich der Lieferkosten (mit \nAusnahme der zus\u00e4tzlichen Kosten, die sich daraus ergeben, dass Sie eine\n andere Art der Lieferung als die von uns angebotene, g\u00fcnstigste \nStandardlieferung gew\u00e4hlt haben), unverz\u00fcglich und sp\u00e4testens binnen \nvierzehn Tagen ab dem Tag zur\u00fcckzuzahlen, an dem die Mitteilung \u00fcber \nIhren Widerruf dieses Vertrags bei uns eingegangen ist. F\u00fcr diese \nR\u00fcckzahlung verwenden wir dasselbe Zahlungsmittel, das Sie bei der \nurspr\u00fcnglichen Transaktion eingesetzt haben, es sei denn, mit Ihnen \nwurde ausdr\u00fccklich etwas anderes vereinbart; in keinem Fall werden Ihnen\n wegen dieser R\u00fcckzahlung Entgelte berechnet.<\/p>\n\n\n\n<p>Wir k\u00f6nnen die R\u00fcckzahlung verweigern, bis wir die Waren wieder \nzur\u00fcckerhalten haben oder bis Sie den Nachweis erbracht haben, dass Sie \ndie Waren zur\u00fcckgesandt haben, je nachdem, welches der fr\u00fchere Zeitpunkt\n ist.<\/p>\n\n\n\n<p>Sie haben die Waren unverz\u00fcglich und in jedem Fall sp\u00e4testens binnen \nvierzehn Tagen ab dem Tag, an dem Sie uns \u00fcber den Widerruf dieses \nVertrags unterrichten, an uns zur\u00fcckzusenden oder zu \u00fcbergeben. Die \nFrist ist gewahrt, wenn Sie die Waren vor Ablauf der Frist von vierzehn \nTagen absenden.<\/p>\n\n\n\n<p>Sie tragen die unmittelbaren Kosten der R\u00fccksendung der Waren.<\/p>\n\n\n\n<p>Sie m\u00fcssen f\u00fcr einen etwaigen Wertverlust der Waren nur aufkommen, \nwenn dieser Wertverlust auf einen zur Pr\u00fcfung der Beschaffenheit, \nEigenschaften und Funktionsweise der Waren nicht notwendigen Umgang mit \nihnen zur\u00fcckzuf\u00fchren ist.<\/p>\n\n\n\n<h2 class=\"wp-block-heading\">Muster-Widerrufsformular<\/h2>\n\n\n\n<p>(Wenn Sie den Vertrag widerrufen wollen, dann f\u00fcllen Sie bitte dieses Formular aus und senden Sie es zur\u00fcck.)<\/p>\n\n\n\n<p>\u2013 An<\/p>\n\n\n\n<p>NEXTING GmbH, Blumenstra\u00dfe 36, 22301 Hamburg,  Deutschland, Telefonnummer: 040 42938976, E-Mail-Adresse:  info@nexting-hamburg.com<\/p>\n\n\n\n<p>\u2013 Hiermit widerrufe(n) ich\/wir (*) den von mir\/uns (*) \nabgeschlossenen Vertrag \u00fcber den Kauf der folgenden Waren (*)\/ die \nErbringung der folgenden Dienstleistung (*)<\/p>\n\n\n\n<p>\u2013 Bestellt am (*)\/erhalten am (*)<\/p>\n\n\n\n<p>\u2013 Name des\/der Verbraucher(s)<\/p>\n\n\n\n<p>\u2013 Anschrift des\/der Verbraucher(s)<\/p>\n\n\n\n<p>\u2013 Unterschrift des\/der Verbraucher(s) (nur bei Mitteilung auf Papier)<\/p>\n\n\n\n<p>\u2013 Datum<\/p>\n\n\n\n<p>___________<br>\n(*) Unzutreffendes streichen.<\/p>\n","protected":false},"excerpt":{"rendered":"<p>Widerrufsrecht f\u00fcr Verbraucher (Verbraucher ist jede nat\u00fcrliche Person, die ein Rechtsgesch\u00e4ft zu Zwecken abschlie\u00dft, die \u00fcberwiegend weder ihrer gewerblichen noch ihrer selbstst\u00e4ndigen beruflichen T\u00e4tigkeit zugerechnet werden kann.) Widerrufsbelehrung Widerrufsrecht Sie &#8230;<\/p>\n","protected":false},"author":1,"featured_media":0,"parent":0,"menu_order":0,"comment_status":"closed","ping_status":"closed","template":"","meta":{"footnotes":""},"class_list":["post-13","page","type-page","status-publish","hentry"],"yoast_head":"<!-- This site is optimized with the Yoast SEO plugin v27.5 - https:\/\/yoast.com\/product\/yoast-seo-wordpress\/ -->\n<title>Widerrufsbelehrung - ICONIKAIR!\u00ae - PATENTED KOREAN HAIR BRUSH REVOLUTION<\/title>\n<meta name=\"robots\" content=\"index, follow, max-snippet:-1, max-image-preview:large, max-video-preview:-1\" \/>\n<link rel=\"canonical\" href=\"https:\/\/shop.iconikair.com\/index.php\/widerrufsbelehrung\/\" \/>\n<meta property=\"og:locale\" content=\"de_DE\" \/>\n<meta property=\"og:type\" content=\"article\" \/>\n<meta property=\"og:title\" content=\"Widerrufsbelehrung - ICONIKAIR!\u00ae - PATENTED KOREAN HAIR BRUSH REVOLUTION\" \/>\n<meta property=\"og:description\" content=\"Widerrufsrecht f\u00fcr Verbraucher (Verbraucher ist jede nat\u00fcrliche Person, die ein Rechtsgesch\u00e4ft zu Zwecken abschlie\u00dft, die \u00fcberwiegend weder ihrer gewerblichen noch ihrer selbstst\u00e4ndigen beruflichen T\u00e4tigkeit zugerechnet werden kann.) Widerrufsbelehrung Widerrufsrecht Sie ...\" \/>\n<meta property=\"og:url\" content=\"https:\/\/shop.iconikair.com\/index.php\/widerrufsbelehrung\/\" \/>\n<meta property=\"og:site_name\" content=\"ICONIKAIR!\u00ae -- PATENTED KOREAN HAIR BRUSH REVOLUTION\" \/>\n<meta property=\"article:publisher\" content=\"https:\/\/www.facebook.com\/ICONIKAIR-103047561126156\/\" \/>\n<meta property=\"article:modified_time\" content=\"2024-01-15T10:22:02+00:00\" \/>\n<meta name=\"twitter:card\" content=\"summary_large_image\" \/>\n<meta name=\"twitter:label1\" content=\"Gesch\u00e4tzte Lesezeit\" \/>\n\t<meta name=\"twitter:data1\" content=\"4\u00a0Minuten\" \/>\n<script type=\"application\/ld+json\" class=\"yoast-schema-graph\">{\"@context\":\"https:\\\/\\\/schema.org\",\"@graph\":[{\"@type\":\"WebPage\",\"@id\":\"https:\\\/\\\/shop.iconikair.com\\\/index.php\\\/widerrufsbelehrung\\\/\",\"url\":\"https:\\\/\\\/shop.iconikair.com\\\/index.php\\\/widerrufsbelehrung\\\/\",\"name\":\"Widerrufsbelehrung - ICONIKAIR!\u00ae - PATENTED KOREAN HAIR BRUSH REVOLUTION\",\"isPartOf\":{\"@id\":\"https:\\\/\\\/shop.iconikair.com\\\/#website\"},\"datePublished\":\"2020-01-15T14:57:39+00:00\",\"dateModified\":\"2024-01-15T10:22:02+00:00\",\"breadcrumb\":{\"@id\":\"https:\\\/\\\/shop.iconikair.com\\\/index.php\\\/widerrufsbelehrung\\\/#breadcrumb\"},\"inLanguage\":\"de\",\"potentialAction\":[{\"@type\":\"ReadAction\",\"target\":[\"https:\\\/\\\/shop.iconikair.com\\\/index.php\\\/widerrufsbelehrung\\\/\"]}]},{\"@type\":\"BreadcrumbList\",\"@id\":\"https:\\\/\\\/shop.iconikair.com\\\/index.php\\\/widerrufsbelehrung\\\/#breadcrumb\",\"itemListElement\":[{\"@type\":\"ListItem\",\"position\":1,\"name\":\"Startseite\",\"item\":\"https:\\\/\\\/shop.iconikair.com\\\/\"},{\"@type\":\"ListItem\",\"position\":2,\"name\":\"Widerrufsbelehrung\"}]},{\"@type\":\"WebSite\",\"@id\":\"https:\\\/\\\/shop.iconikair.com\\\/#website\",\"url\":\"https:\\\/\\\/shop.iconikair.com\\\/\",\"name\":\"ICONIKAIR!\u00ae\",\"description\":\"Das Original aus S\u00fcdkorea!\",\"publisher\":{\"@id\":\"https:\\\/\\\/shop.iconikair.com\\\/#organization\"},\"potentialAction\":[{\"@type\":\"SearchAction\",\"target\":{\"@type\":\"EntryPoint\",\"urlTemplate\":\"https:\\\/\\\/shop.iconikair.com\\\/?s={search_term_string}\"},\"query-input\":{\"@type\":\"PropertyValueSpecification\",\"valueRequired\":true,\"valueName\":\"search_term_string\"}}],\"inLanguage\":\"de\"},{\"@type\":\"Organization\",\"@id\":\"https:\\\/\\\/shop.iconikair.com\\\/#organization\",\"name\":\"ICONIKAIR!\",\"url\":\"https:\\\/\\\/shop.iconikair.com\\\/\",\"logo\":{\"@type\":\"ImageObject\",\"inLanguage\":\"de\",\"@id\":\"https:\\\/\\\/shop.iconikair.com\\\/#\\\/schema\\\/logo\\\/image\\\/\",\"url\":\"https:\\\/\\\/shop.iconikair.com\\\/wp-content\\\/uploads\\\/2020\\\/01\\\/LOGO-BLACK-jpeg-scaled.jpg\",\"contentUrl\":\"https:\\\/\\\/shop.iconikair.com\\\/wp-content\\\/uploads\\\/2020\\\/01\\\/LOGO-BLACK-jpeg-scaled.jpg\",\"width\":2560,\"height\":685,\"caption\":\"ICONIKAIR!\"},\"image\":{\"@id\":\"https:\\\/\\\/shop.iconikair.com\\\/#\\\/schema\\\/logo\\\/image\\\/\"},\"sameAs\":[\"https:\\\/\\\/www.facebook.com\\\/ICONIKAIR-103047561126156\\\/\",\"https:\\\/\\\/www.instagram.com\\\/iconikair\\\/\"]}]}<\/script>\n<!-- \/ Yoast SEO plugin. -->","yoast_head_json":{"title":"Widerrufsbelehrung - ICONIKAIR!\u00ae - PATENTED KOREAN HAIR BRUSH REVOLUTION","robots":{"index":"index","follow":"follow","max-snippet":"max-snippet:-1","max-image-preview":"max-image-preview:large","max-video-preview":"max-video-preview:-1"},"canonical":"https:\/\/shop.iconikair.com\/index.php\/widerrufsbelehrung\/","og_locale":"de_DE","og_type":"article","og_title":"Widerrufsbelehrung - ICONIKAIR!\u00ae - PATENTED KOREAN HAIR BRUSH REVOLUTION","og_description":"Widerrufsrecht f\u00fcr Verbraucher (Verbraucher ist jede nat\u00fcrliche Person, die ein Rechtsgesch\u00e4ft zu Zwecken abschlie\u00dft, die \u00fcberwiegend weder ihrer gewerblichen noch ihrer selbstst\u00e4ndigen beruflichen T\u00e4tigkeit zugerechnet werden kann.) Widerrufsbelehrung Widerrufsrecht Sie ...","og_url":"https:\/\/shop.iconikair.com\/index.php\/widerrufsbelehrung\/","og_site_name":"ICONIKAIR!\u00ae -- PATENTED KOREAN HAIR BRUSH REVOLUTION","article_publisher":"https:\/\/www.facebook.com\/ICONIKAIR-103047561126156\/","article_modified_time":"2024-01-15T10:22:02+00:00","twitter_card":"summary_large_image","twitter_misc":{"Gesch\u00e4tzte Lesezeit":"4\u00a0Minuten"},"schema":{"@context":"https:\/\/schema.org","@graph":[{"@type":"WebPage","@id":"https:\/\/shop.iconikair.com\/index.php\/widerrufsbelehrung\/","url":"https:\/\/shop.iconikair.com\/index.php\/widerrufsbelehrung\/","name":"Widerrufsbelehrung - ICONIKAIR!\u00ae - PATENTED KOREAN HAIR BRUSH REVOLUTION","isPartOf":{"@id":"https:\/\/shop.iconikair.com\/#website"},"datePublished":"2020-01-15T14:57:39+00:00","dateModified":"2024-01-15T10:22:02+00:00","breadcrumb":{"@id":"https:\/\/shop.iconikair.com\/index.php\/widerrufsbelehrung\/#breadcrumb"},"inLanguage":"de","potentialAction":[{"@type":"ReadAction","target":["https:\/\/shop.iconikair.com\/index.php\/widerrufsbelehrung\/"]}]},{"@type":"BreadcrumbList","@id":"https:\/\/shop.iconikair.com\/index.php\/widerrufsbelehrung\/#breadcrumb","itemListElement":[{"@type":"ListItem","position":1,"name":"Startseite","item":"https:\/\/shop.iconikair.com\/"},{"@type":"ListItem","position":2,"name":"Widerrufsbelehrung"}]},{"@type":"WebSite","@id":"https:\/\/shop.iconikair.com\/#website","url":"https:\/\/shop.iconikair.com\/","name":"ICONIKAIR!\u00ae","description":"Das Original aus S\u00fcdkorea!","publisher":{"@id":"https:\/\/shop.iconikair.com\/#organization"},"potentialAction":[{"@type":"SearchAction","target":{"@type":"EntryPoint","urlTemplate":"https:\/\/shop.iconikair.com\/?s={search_term_string}"},"query-input":{"@type":"PropertyValueSpecification","valueRequired":true,"valueName":"search_term_string"}}],"inLanguage":"de"},{"@type":"Organization","@id":"https:\/\/shop.iconikair.com\/#organization","name":"ICONIKAIR!","url":"https:\/\/shop.iconikair.com\/","logo":{"@type":"ImageObject","inLanguage":"de","@id":"https:\/\/shop.iconikair.com\/#\/schema\/logo\/image\/","url":"https:\/\/shop.iconikair.com\/wp-content\/uploads\/2020\/01\/LOGO-BLACK-jpeg-scaled.jpg","contentUrl":"https:\/\/shop.iconikair.com\/wp-content\/uploads\/2020\/01\/LOGO-BLACK-jpeg-scaled.jpg","width":2560,"height":685,"caption":"ICONIKAIR!"},"image":{"@id":"https:\/\/shop.iconikair.com\/#\/schema\/logo\/image\/"},"sameAs":["https:\/\/www.facebook.com\/ICONIKAIR-103047561126156\/","https:\/\/www.instagram.com\/iconikair\/"]}]}},"_links":{"self":[{"href":"https:\/\/shop.iconikair.com\/index.php\/wp-json\/wp\/v2\/pages\/13","targetHints":{"allow":["GET"]}}],"collection":[{"href":"https:\/\/shop.iconikair.com\/index.php\/wp-json\/wp\/v2\/pages"}],"about":[{"href":"https:\/\/shop.iconikair.com\/index.php\/wp-json\/wp\/v2\/types\/page"}],"author":[{"embeddable":true,"href":"https:\/\/shop.iconikair.com\/index.php\/wp-json\/wp\/v2\/users\/1"}],"replies":[{"embeddable":true,"href":"https:\/\/shop.iconikair.com\/index.php\/wp-json\/wp\/v2\/comments?post=13"}],"version-history":[{"count":3,"href":"https:\/\/shop.iconikair.com\/index.php\/wp-json\/wp\/v2\/pages\/13\/revisions"}],"predecessor-version":[{"id":3100,"href":"https:\/\/shop.iconikair.com\/index.php\/wp-json\/wp\/v2\/pages\/13\/revisions\/3100"}],"wp:attachment":[{"href":"https:\/\/shop.iconikair.com\/index.php\/wp-json\/wp\/v2\/media?parent=13"}],"curies":[{"name":"wp","href":"https:\/\/api.w.org\/{rel}","templated":true}]}}