{"id":2068,"date":"2020-09-22T08:34:43","date_gmt":"2020-09-22T08:34:43","guid":{"rendered":"https:\/\/shop.iconikair.com\/?page_id=2068"},"modified":"2020-09-23T09:37:13","modified_gmt":"2020-09-23T09:37:13","slug":"fuer-haendler","status":"publish","type":"page","link":"https:\/\/shop.iconikair.com\/index.php\/fuer-haendler\/","title":{"rendered":"F\u00fcr H\u00e4ndler"},"content":{"rendered":"\n<figure class=\"wp-block-gallery columns-3 is-cropped wp-block-gallery-1 is-layout-flex wp-block-gallery-is-layout-flex\"><ul class=\"blocks-gallery-grid\"><li class=\"blocks-gallery-item\"><figure><img loading=\"lazy\" decoding=\"async\" width=\"1024\" height=\"1024\" src=\"https:\/\/shop.iconikair.com\/wp-content\/uploads\/2020\/08\/Brush_Mini_Bristol_Stills_einzel_3000px-1024x1024.jpg\" alt=\"\" data-id=\"1993\" data-full-url=\"https:\/\/shop.iconikair.com\/wp-content\/uploads\/2020\/08\/Brush_Mini_Bristol_Stills_einzel_3000px-scaled.jpg\" data-link=\"https:\/\/shop.iconikair.com\/iconikair-blow-dry-brush-mini-bristol-still\/\" class=\"wp-image-1993\" srcset=\"https:\/\/shop.iconikair.com\/wp-content\/uploads\/2020\/08\/Brush_Mini_Bristol_Stills_einzel_3000px-1024x1024.jpg 1024w, https:\/\/shop.iconikair.com\/wp-content\/uploads\/2020\/08\/Brush_Mini_Bristol_Stills_einzel_3000px-300x300.jpg 300w, https:\/\/shop.iconikair.com\/wp-content\/uploads\/2020\/08\/Brush_Mini_Bristol_Stills_einzel_3000px-150x150.jpg 150w, https:\/\/shop.iconikair.com\/wp-content\/uploads\/2020\/08\/Brush_Mini_Bristol_Stills_einzel_3000px-768x768.jpg 768w, https:\/\/shop.iconikair.com\/wp-content\/uploads\/2020\/08\/Brush_Mini_Bristol_Stills_einzel_3000px-1536x1536.jpg 1536w, https:\/\/shop.iconikair.com\/wp-content\/uploads\/2020\/08\/Brush_Mini_Bristol_Stills_einzel_3000px-2048x2048.jpg 2048w, https:\/\/shop.iconikair.com\/wp-content\/uploads\/2020\/08\/Brush_Mini_Bristol_Stills_einzel_3000px-600x600.jpg 600w, https:\/\/shop.iconikair.com\/wp-content\/uploads\/2020\/08\/Brush_Mini_Bristol_Stills_einzel_3000px-100x100.jpg 100w\" sizes=\"auto, (max-width: 1024px) 100vw, 1024px\" \/><\/figure><\/li><li class=\"blocks-gallery-item\"><figure><img loading=\"lazy\" decoding=\"async\" width=\"1024\" height=\"1024\" src=\"https:\/\/shop.iconikair.com\/wp-content\/uploads\/2020\/08\/Samtbeutel_Stills_Buerste_3000px-1024x1024.jpg\" alt=\"\" data-id=\"1998\" data-full-url=\"https:\/\/shop.iconikair.com\/wp-content\/uploads\/2020\/08\/Samtbeutel_Stills_Buerste_3000px-scaled.jpg\" data-link=\"https:\/\/shop.iconikair.com\/iconikair-samtbeutel-still-mit-buerste\/\" class=\"wp-image-1998\" srcset=\"https:\/\/shop.iconikair.com\/wp-content\/uploads\/2020\/08\/Samtbeutel_Stills_Buerste_3000px-1024x1024.jpg 1024w, https:\/\/shop.iconikair.com\/wp-content\/uploads\/2020\/08\/Samtbeutel_Stills_Buerste_3000px-300x300.jpg 300w, https:\/\/shop.iconikair.com\/wp-content\/uploads\/2020\/08\/Samtbeutel_Stills_Buerste_3000px-150x150.jpg 150w, https:\/\/shop.iconikair.com\/wp-content\/uploads\/2020\/08\/Samtbeutel_Stills_Buerste_3000px-768x768.jpg 768w, https:\/\/shop.iconikair.com\/wp-content\/uploads\/2020\/08\/Samtbeutel_Stills_Buerste_3000px-1536x1536.jpg 1536w, https:\/\/shop.iconikair.com\/wp-content\/uploads\/2020\/08\/Samtbeutel_Stills_Buerste_3000px-2048x2048.jpg 2048w, https:\/\/shop.iconikair.com\/wp-content\/uploads\/2020\/08\/Samtbeutel_Stills_Buerste_3000px-600x600.jpg 600w, https:\/\/shop.iconikair.com\/wp-content\/uploads\/2020\/08\/Samtbeutel_Stills_Buerste_3000px-100x100.jpg 100w\" sizes=\"auto, (max-width: 1024px) 100vw, 1024px\" \/><\/figure><\/li><li class=\"blocks-gallery-item\"><figure><img loading=\"lazy\" decoding=\"async\" width=\"1024\" height=\"1024\" src=\"https:\/\/shop.iconikair.com\/wp-content\/uploads\/2020\/08\/Brush_Mini_Classic_Stills_doppel_3000px-1024x1024.jpg\" alt=\"\" data-id=\"1994\" data-full-url=\"https:\/\/shop.iconikair.com\/wp-content\/uploads\/2020\/08\/Brush_Mini_Classic_Stills_doppel_3000px-scaled.jpg\" data-link=\"https:\/\/shop.iconikair.com\/iconikair-blow-dry-brush-und-mini-classic-still\/\" class=\"wp-image-1994\" srcset=\"https:\/\/shop.iconikair.com\/wp-content\/uploads\/2020\/08\/Brush_Mini_Classic_Stills_doppel_3000px-1024x1024.jpg 1024w, https:\/\/shop.iconikair.com\/wp-content\/uploads\/2020\/08\/Brush_Mini_Classic_Stills_doppel_3000px-300x300.jpg 300w, https:\/\/shop.iconikair.com\/wp-content\/uploads\/2020\/08\/Brush_Mini_Classic_Stills_doppel_3000px-150x150.jpg 150w, https:\/\/shop.iconikair.com\/wp-content\/uploads\/2020\/08\/Brush_Mini_Classic_Stills_doppel_3000px-768x768.jpg 768w, https:\/\/shop.iconikair.com\/wp-content\/uploads\/2020\/08\/Brush_Mini_Classic_Stills_doppel_3000px-1536x1536.jpg 1536w, https:\/\/shop.iconikair.com\/wp-content\/uploads\/2020\/08\/Brush_Mini_Classic_Stills_doppel_3000px-2048x2048.jpg 2048w, https:\/\/shop.iconikair.com\/wp-content\/uploads\/2020\/08\/Brush_Mini_Classic_Stills_doppel_3000px-600x600.jpg 600w, https:\/\/shop.iconikair.com\/wp-content\/uploads\/2020\/08\/Brush_Mini_Classic_Stills_doppel_3000px-100x100.jpg 100w\" sizes=\"auto, (max-width: 1024px) 100vw, 1024px\" \/><\/figure><\/li><\/ul><\/figure>\n\n\n\n<p>Du willst auch Wiederverk\u00e4ufer werden?<\/p>\n\n\n\n<p><strong>Wenn Du ein H\u00e4ndler bist und unsere B\u00fcrsten in Dein Sortiment aufnehmen willst,<\/strong><br>schick uns eine email\u00a0an <a href=\"mailto:info@iconikair.com\">info@iconikair.com<\/a><\/p>\n","protected":false},"excerpt":{"rendered":"<p>Du willst auch Wiederverk\u00e4ufer werden? Wenn Du ein H\u00e4ndler bist und unsere B\u00fcrsten in Dein Sortiment aufnehmen willst,schick uns eine email\u00a0an info@iconikair.com<\/p>\n","protected":false},"author":1,"featured_media":0,"parent":0,"menu_order":0,"comment_status":"closed","ping_status":"closed","template":"","meta":{"footnotes":""},"class_list":["post-2068","page","type-page","status-publish","hentry"],"yoast_head":"<!-- This site is optimized with the Yoast SEO plugin v27.5 - https:\/\/yoast.com\/product\/yoast-seo-wordpress\/ -->\n<title>F\u00fcr H\u00e4ndler - ICONIKAIR!\u00ae - PATENTED KOREAN HAIR BRUSH REVOLUTION<\/title>\n<meta name=\"robots\" content=\"index, follow, max-snippet:-1, max-image-preview:large, max-video-preview:-1\" \/>\n<link rel=\"canonical\" href=\"https:\/\/shop.iconikair.com\/index.php\/fuer-haendler\/\" \/>\n<meta property=\"og:locale\" content=\"de_DE\" \/>\n<meta property=\"og:type\" content=\"article\" \/>\n<meta property=\"og:title\" content=\"F\u00fcr H\u00e4ndler - ICONIKAIR!\u00ae - PATENTED KOREAN HAIR BRUSH REVOLUTION\" \/>\n<meta property=\"og:description\" content=\"Du willst auch Wiederverk\u00e4ufer werden? Wenn Du ein H\u00e4ndler bist und unsere B\u00fcrsten in Dein Sortiment aufnehmen willst,schick uns eine email\u00a0an info@iconikair.com\" \/>\n<meta property=\"og:url\" content=\"https:\/\/shop.iconikair.com\/index.php\/fuer-haendler\/\" \/>\n<meta property=\"og:site_name\" content=\"ICONIKAIR!\u00ae -- PATENTED KOREAN HAIR BRUSH REVOLUTION\" \/>\n<meta property=\"article:publisher\" content=\"https:\/\/www.facebook.com\/ICONIKAIR-103047561126156\/\" \/>\n<meta property=\"article:modified_time\" content=\"2020-09-23T09:37:13+00:00\" \/>\n<meta property=\"og:image\" content=\"https:\/\/shop.iconikair.com\/wp-content\/uploads\/2020\/08\/Brush_Mini_Bristol_Stills_einzel_3000px-1024x1024.jpg\" \/>\n<meta name=\"twitter:card\" content=\"summary_large_image\" \/>\n<script type=\"application\/ld+json\" class=\"yoast-schema-graph\">{\"@context\":\"https:\\\/\\\/schema.org\",\"@graph\":[{\"@type\":\"WebPage\",\"@id\":\"https:\\\/\\\/shop.iconikair.com\\\/index.php\\\/fuer-haendler\\\/\",\"url\":\"https:\\\/\\\/shop.iconikair.com\\\/index.php\\\/fuer-haendler\\\/\",\"name\":\"F\u00fcr H\u00e4ndler - ICONIKAIR!\u00ae - PATENTED KOREAN HAIR BRUSH REVOLUTION\",\"isPartOf\":{\"@id\":\"https:\\\/\\\/shop.iconikair.com\\\/#website\"},\"primaryImageOfPage\":{\"@id\":\"https:\\\/\\\/shop.iconikair.com\\\/index.php\\\/fuer-haendler\\\/#primaryimage\"},\"image\":{\"@id\":\"https:\\\/\\\/shop.iconikair.com\\\/index.php\\\/fuer-haendler\\\/#primaryimage\"},\"thumbnailUrl\":\"https:\\\/\\\/shop.iconikair.com\\\/wp-content\\\/uploads\\\/2020\\\/08\\\/Brush_Mini_Bristol_Stills_einzel_3000px-1024x1024.jpg\",\"datePublished\":\"2020-09-22T08:34:43+00:00\",\"dateModified\":\"2020-09-23T09:37:13+00:00\",\"breadcrumb\":{\"@id\":\"https:\\\/\\\/shop.iconikair.com\\\/index.php\\\/fuer-haendler\\\/#breadcrumb\"},\"inLanguage\":\"de\",\"potentialAction\":[{\"@type\":\"ReadAction\",\"target\":[\"https:\\\/\\\/shop.iconikair.com\\\/index.php\\\/fuer-haendler\\\/\"]}]},{\"@type\":\"ImageObject\",\"inLanguage\":\"de\",\"@id\":\"https:\\\/\\\/shop.iconikair.com\\\/index.php\\\/fuer-haendler\\\/#primaryimage\",\"url\":\"https:\\\/\\\/shop.iconikair.com\\\/wp-content\\\/uploads\\\/2020\\\/08\\\/Brush_Mini_Bristol_Stills_einzel_3000px-1024x1024.jpg\",\"contentUrl\":\"https:\\\/\\\/shop.iconikair.com\\\/wp-content\\\/uploads\\\/2020\\\/08\\\/Brush_Mini_Bristol_Stills_einzel_3000px-1024x1024.jpg\"},{\"@type\":\"BreadcrumbList\",\"@id\":\"https:\\\/\\\/shop.iconikair.com\\\/index.php\\\/fuer-haendler\\\/#breadcrumb\",\"itemListElement\":[{\"@type\":\"ListItem\",\"position\":1,\"name\":\"Startseite\",\"item\":\"https:\\\/\\\/shop.iconikair.com\\\/\"},{\"@type\":\"ListItem\",\"position\":2,\"name\":\"F\u00fcr H\u00e4ndler\"}]},{\"@type\":\"WebSite\",\"@id\":\"https:\\\/\\\/shop.iconikair.com\\\/#website\",\"url\":\"https:\\\/\\\/shop.iconikair.com\\\/\",\"name\":\"ICONIKAIR!\u00ae\",\"description\":\"Das Original aus S\u00fcdkorea!\",\"publisher\":{\"@id\":\"https:\\\/\\\/shop.iconikair.com\\\/#organization\"},\"potentialAction\":[{\"@type\":\"SearchAction\",\"target\":{\"@type\":\"EntryPoint\",\"urlTemplate\":\"https:\\\/\\\/shop.iconikair.com\\\/?s={search_term_string}\"},\"query-input\":{\"@type\":\"PropertyValueSpecification\",\"valueRequired\":true,\"valueName\":\"search_term_string\"}}],\"inLanguage\":\"de\"},{\"@type\":\"Organization\",\"@id\":\"https:\\\/\\\/shop.iconikair.com\\\/#organization\",\"name\":\"ICONIKAIR!\",\"url\":\"https:\\\/\\\/shop.iconikair.com\\\/\",\"logo\":{\"@type\":\"ImageObject\",\"inLanguage\":\"de\",\"@id\":\"https:\\\/\\\/shop.iconikair.com\\\/#\\\/schema\\\/logo\\\/image\\\/\",\"url\":\"https:\\\/\\\/shop.iconikair.com\\\/wp-content\\\/uploads\\\/2020\\\/01\\\/LOGO-BLACK-jpeg-scaled.jpg\",\"contentUrl\":\"https:\\\/\\\/shop.iconikair.com\\\/wp-content\\\/uploads\\\/2020\\\/01\\\/LOGO-BLACK-jpeg-scaled.jpg\",\"width\":2560,\"height\":685,\"caption\":\"ICONIKAIR!\"},\"image\":{\"@id\":\"https:\\\/\\\/shop.iconikair.com\\\/#\\\/schema\\\/logo\\\/image\\\/\"},\"sameAs\":[\"https:\\\/\\\/www.facebook.com\\\/ICONIKAIR-103047561126156\\\/\",\"https:\\\/\\\/www.instagram.com\\\/iconikair\\\/\"]}]}<\/script>\n<!-- \/ Yoast SEO plugin. -->","yoast_head_json":{"title":"F\u00fcr H\u00e4ndler - ICONIKAIR!\u00ae - PATENTED KOREAN HAIR BRUSH REVOLUTION","robots":{"index":"index","follow":"follow","max-snippet":"max-snippet:-1","max-image-preview":"max-image-preview:large","max-video-preview":"max-video-preview:-1"},"canonical":"https:\/\/shop.iconikair.com\/index.php\/fuer-haendler\/","og_locale":"de_DE","og_type":"article","og_title":"F\u00fcr H\u00e4ndler - ICONIKAIR!\u00ae - PATENTED KOREAN HAIR BRUSH REVOLUTION","og_description":"Du willst auch Wiederverk\u00e4ufer werden? Wenn Du ein H\u00e4ndler bist und unsere B\u00fcrsten in Dein Sortiment aufnehmen willst,schick uns eine email\u00a0an info@iconikair.com","og_url":"https:\/\/shop.iconikair.com\/index.php\/fuer-haendler\/","og_site_name":"ICONIKAIR!\u00ae -- PATENTED KOREAN HAIR BRUSH REVOLUTION","article_publisher":"https:\/\/www.facebook.com\/ICONIKAIR-103047561126156\/","article_modified_time":"2020-09-23T09:37:13+00:00","og_image":[{"url":"https:\/\/shop.iconikair.com\/wp-content\/uploads\/2020\/08\/Brush_Mini_Bristol_Stills_einzel_3000px-1024x1024.jpg","type":"","width":"","height":""}],"twitter_card":"summary_large_image","schema":{"@context":"https:\/\/schema.org","@graph":[{"@type":"WebPage","@id":"https:\/\/shop.iconikair.com\/index.php\/fuer-haendler\/","url":"https:\/\/shop.iconikair.com\/index.php\/fuer-haendler\/","name":"F\u00fcr H\u00e4ndler - ICONIKAIR!\u00ae - PATENTED KOREAN HAIR BRUSH REVOLUTION","isPartOf":{"@id":"https:\/\/shop.iconikair.com\/#website"},"primaryImageOfPage":{"@id":"https:\/\/shop.iconikair.com\/index.php\/fuer-haendler\/#primaryimage"},"image":{"@id":"https:\/\/shop.iconikair.com\/index.php\/fuer-haendler\/#primaryimage"},"thumbnailUrl":"https:\/\/shop.iconikair.com\/wp-content\/uploads\/2020\/08\/Brush_Mini_Bristol_Stills_einzel_3000px-1024x1024.jpg","datePublished":"2020-09-22T08:34:43+00:00","dateModified":"2020-09-23T09:37:13+00:00","breadcrumb":{"@id":"https:\/\/shop.iconikair.com\/index.php\/fuer-haendler\/#breadcrumb"},"inLanguage":"de","potentialAction":[{"@type":"ReadAction","target":["https:\/\/shop.iconikair.com\/index.php\/fuer-haendler\/"]}]},{"@type":"ImageObject","inLanguage":"de","@id":"https:\/\/shop.iconikair.com\/index.php\/fuer-haendler\/#primaryimage","url":"https:\/\/shop.iconikair.com\/wp-content\/uploads\/2020\/08\/Brush_Mini_Bristol_Stills_einzel_3000px-1024x1024.jpg","contentUrl":"https:\/\/shop.iconikair.com\/wp-content\/uploads\/2020\/08\/Brush_Mini_Bristol_Stills_einzel_3000px-1024x1024.jpg"},{"@type":"BreadcrumbList","@id":"https:\/\/shop.iconikair.com\/index.php\/fuer-haendler\/#breadcrumb","itemListElement":[{"@type":"ListItem","position":1,"name":"Startseite","item":"https:\/\/shop.iconikair.com\/"},{"@type":"ListItem","position":2,"name":"F\u00fcr H\u00e4ndler"}]},{"@type":"WebSite","@id":"https:\/\/shop.iconikair.com\/#website","url":"https:\/\/shop.iconikair.com\/","name":"ICONIKAIR!\u00ae","description":"Das Original aus S\u00fcdkorea!","publisher":{"@id":"https:\/\/shop.iconikair.com\/#organization"},"potentialAction":[{"@type":"SearchAction","target":{"@type":"EntryPoint","urlTemplate":"https:\/\/shop.iconikair.com\/?s={search_term_string}"},"query-input":{"@type":"PropertyValueSpecification","valueRequired":true,"valueName":"search_term_string"}}],"inLanguage":"de"},{"@type":"Organization","@id":"https:\/\/shop.iconikair.com\/#organization","name":"ICONIKAIR!","url":"https:\/\/shop.iconikair.com\/","logo":{"@type":"ImageObject","inLanguage":"de","@id":"https:\/\/shop.iconikair.com\/#\/schema\/logo\/image\/","url":"https:\/\/shop.iconikair.com\/wp-content\/uploads\/2020\/01\/LOGO-BLACK-jpeg-scaled.jpg","contentUrl":"https:\/\/shop.iconikair.com\/wp-content\/uploads\/2020\/01\/LOGO-BLACK-jpeg-scaled.jpg","width":2560,"height":685,"caption":"ICONIKAIR!"},"image":{"@id":"https:\/\/shop.iconikair.com\/#\/schema\/logo\/image\/"},"sameAs":["https:\/\/www.facebook.com\/ICONIKAIR-103047561126156\/","https:\/\/www.instagram.com\/iconikair\/"]}]}},"_links":{"self":[{"href":"https:\/\/shop.iconikair.com\/index.php\/wp-json\/wp\/v2\/pages\/2068","targetHints":{"allow":["GET"]}}],"collection":[{"href":"https:\/\/shop.iconikair.com\/index.php\/wp-json\/wp\/v2\/pages"}],"about":[{"href":"https:\/\/shop.iconikair.com\/index.php\/wp-json\/wp\/v2\/types\/page"}],"author":[{"embeddable":true,"href":"https:\/\/shop.iconikair.com\/index.php\/wp-json\/wp\/v2\/users\/1"}],"replies":[{"embeddable":true,"href":"https:\/\/shop.iconikair.com\/index.php\/wp-json\/wp\/v2\/comments?post=2068"}],"version-history":[{"count":7,"href":"https:\/\/shop.iconikair.com\/index.php\/wp-json\/wp\/v2\/pages\/2068\/revisions"}],"predecessor-version":[{"id":2078,"href":"https:\/\/shop.iconikair.com\/index.php\/wp-json\/wp\/v2\/pages\/2068\/revisions\/2078"}],"wp:attachment":[{"href":"https:\/\/shop.iconikair.com\/index.php\/wp-json\/wp\/v2\/media?parent=2068"}],"curies":[{"name":"wp","href":"https:\/\/api.w.org\/{rel}","templated":true}]}}