{"id":4,"date":"2016-02-12T07:54:41","date_gmt":"2016-02-12T07:54:41","guid":{"rendered":"http:\/\/demos.famethemes.com\/onepress-plus\/?page_id=4"},"modified":"2020-03-11T16:27:50","modified_gmt":"2020-03-11T16:27:50","slug":"home","status":"publish","type":"page","link":"https:\/\/shop.iconikair.com\/","title":{"rendered":"Home"},"content":{"rendered":"","protected":false},"excerpt":{"rendered":"","protected":false},"author":2,"featured_media":0,"parent":0,"menu_order":0,"comment_status":"closed","ping_status":"closed","template":"template-frontpage.php","meta":{"footnotes":""},"class_list":["post-4","page","type-page","status-publish","hentry"],"yoast_head":"<!-- This site is optimized with the Yoast SEO plugin v27.5 - https:\/\/yoast.com\/product\/yoast-seo-wordpress\/ -->\n<title>Home ICONIKAIR!\u00ae -- PATENTED KOREAN HAIR BRUSH REVOLUTION<\/title>\n<meta name=\"description\" content=\"Schnelles und schonendes F\u00f6hnen durch die luftdurchl\u00e4ssige Form.Die Massagefunktion sorgt f\u00fcr sanfte Entwirrung und bessere Durchblutung der Kopfhaut.\" \/>\n<meta name=\"robots\" content=\"index, follow, max-snippet:-1, max-image-preview:large, max-video-preview:-1\" \/>\n<link rel=\"canonical\" href=\"https:\/\/shop.iconikair.com\/\" \/>\n<meta property=\"og:locale\" content=\"de_DE\" \/>\n<meta property=\"og:type\" content=\"article\" \/>\n<meta property=\"og:title\" content=\"Home ICONIKAIR!\u00ae -- PATENTED KOREAN HAIR BRUSH REVOLUTION\" \/>\n<meta property=\"og:description\" content=\"Schnelles und schonendes F\u00f6hnen durch die luftdurchl\u00e4ssige Form.Die Massagefunktion sorgt f\u00fcr sanfte Entwirrung und bessere Durchblutung der Kopfhaut.\" \/>\n<meta property=\"og:url\" content=\"https:\/\/shop.iconikair.com\/\" \/>\n<meta property=\"og:site_name\" content=\"ICONIKAIR!\u00ae -- PATENTED KOREAN HAIR BRUSH REVOLUTION\" \/>\n<meta property=\"article:publisher\" content=\"https:\/\/www.facebook.com\/ICONIKAIR-103047561126156\/\" \/>\n<meta property=\"article:modified_time\" content=\"2020-03-11T16:27:50+00:00\" \/>\n<meta name=\"twitter:card\" content=\"summary_large_image\" \/>\n<script type=\"application\/ld+json\" class=\"yoast-schema-graph\">{\"@context\":\"https:\\\/\\\/schema.org\",\"@graph\":[{\"@type\":\"WebPage\",\"@id\":\"https:\\\/\\\/shop.iconikair.com\\\/\",\"url\":\"https:\\\/\\\/shop.iconikair.com\\\/\",\"name\":\"Home ICONIKAIR!\u00ae -- PATENTED KOREAN HAIR BRUSH REVOLUTION\",\"isPartOf\":{\"@id\":\"https:\\\/\\\/shop.iconikair.com\\\/#website\"},\"datePublished\":\"2016-02-12T07:54:41+00:00\",\"dateModified\":\"2020-03-11T16:27:50+00:00\",\"description\":\"Schnelles und schonendes F\u00f6hnen durch die luftdurchl\u00e4ssige Form.Die Massagefunktion sorgt f\u00fcr sanfte Entwirrung und bessere Durchblutung der Kopfhaut.\",\"breadcrumb\":{\"@id\":\"https:\\\/\\\/shop.iconikair.com\\\/#breadcrumb\"},\"inLanguage\":\"de\",\"potentialAction\":[{\"@type\":\"ReadAction\",\"target\":[\"https:\\\/\\\/shop.iconikair.com\\\/\"]}]},{\"@type\":\"BreadcrumbList\",\"@id\":\"https:\\\/\\\/shop.iconikair.com\\\/#breadcrumb\",\"itemListElement\":[{\"@type\":\"ListItem\",\"position\":1,\"name\":\"Startseite\",\"item\":\"https:\\\/\\\/shop.iconikair.com\\\/\"},{\"@type\":\"ListItem\",\"position\":2,\"name\":\"Home\"}]},{\"@type\":\"WebSite\",\"@id\":\"https:\\\/\\\/shop.iconikair.com\\\/#website\",\"url\":\"https:\\\/\\\/shop.iconikair.com\\\/\",\"name\":\"ICONIKAIR!\u00ae\",\"description\":\"Das Original aus S\u00fcdkorea!\",\"publisher\":{\"@id\":\"https:\\\/\\\/shop.iconikair.com\\\/#organization\"},\"potentialAction\":[{\"@type\":\"SearchAction\",\"target\":{\"@type\":\"EntryPoint\",\"urlTemplate\":\"https:\\\/\\\/shop.iconikair.com\\\/?s={search_term_string}\"},\"query-input\":{\"@type\":\"PropertyValueSpecification\",\"valueRequired\":true,\"valueName\":\"search_term_string\"}}],\"inLanguage\":\"de\"},{\"@type\":\"Organization\",\"@id\":\"https:\\\/\\\/shop.iconikair.com\\\/#organization\",\"name\":\"ICONIKAIR!\",\"url\":\"https:\\\/\\\/shop.iconikair.com\\\/\",\"logo\":{\"@type\":\"ImageObject\",\"inLanguage\":\"de\",\"@id\":\"https:\\\/\\\/shop.iconikair.com\\\/#\\\/schema\\\/logo\\\/image\\\/\",\"url\":\"https:\\\/\\\/shop.iconikair.com\\\/wp-content\\\/uploads\\\/2020\\\/01\\\/LOGO-BLACK-jpeg-scaled.jpg\",\"contentUrl\":\"https:\\\/\\\/shop.iconikair.com\\\/wp-content\\\/uploads\\\/2020\\\/01\\\/LOGO-BLACK-jpeg-scaled.jpg\",\"width\":2560,\"height\":685,\"caption\":\"ICONIKAIR!\"},\"image\":{\"@id\":\"https:\\\/\\\/shop.iconikair.com\\\/#\\\/schema\\\/logo\\\/image\\\/\"},\"sameAs\":[\"https:\\\/\\\/www.facebook.com\\\/ICONIKAIR-103047561126156\\\/\",\"https:\\\/\\\/www.instagram.com\\\/iconikair\\\/\"]}]}<\/script>\n<!-- \/ Yoast SEO plugin. -->","yoast_head_json":{"title":"Home ICONIKAIR!\u00ae -- PATENTED KOREAN HAIR BRUSH REVOLUTION","description":"Schnelles und schonendes F\u00f6hnen durch die luftdurchl\u00e4ssige Form.Die Massagefunktion sorgt f\u00fcr sanfte Entwirrung und bessere Durchblutung der Kopfhaut.","robots":{"index":"index","follow":"follow","max-snippet":"max-snippet:-1","max-image-preview":"max-image-preview:large","max-video-preview":"max-video-preview:-1"},"canonical":"https:\/\/shop.iconikair.com\/","og_locale":"de_DE","og_type":"article","og_title":"Home ICONIKAIR!\u00ae -- PATENTED KOREAN HAIR BRUSH REVOLUTION","og_description":"Schnelles und schonendes F\u00f6hnen durch die luftdurchl\u00e4ssige Form.Die Massagefunktion sorgt f\u00fcr sanfte Entwirrung und bessere Durchblutung der Kopfhaut.","og_url":"https:\/\/shop.iconikair.com\/","og_site_name":"ICONIKAIR!\u00ae -- PATENTED KOREAN HAIR BRUSH REVOLUTION","article_publisher":"https:\/\/www.facebook.com\/ICONIKAIR-103047561126156\/","article_modified_time":"2020-03-11T16:27:50+00:00","twitter_card":"summary_large_image","schema":{"@context":"https:\/\/schema.org","@graph":[{"@type":"WebPage","@id":"https:\/\/shop.iconikair.com\/","url":"https:\/\/shop.iconikair.com\/","name":"Home ICONIKAIR!\u00ae -- PATENTED KOREAN HAIR BRUSH REVOLUTION","isPartOf":{"@id":"https:\/\/shop.iconikair.com\/#website"},"datePublished":"2016-02-12T07:54:41+00:00","dateModified":"2020-03-11T16:27:50+00:00","description":"Schnelles und schonendes F\u00f6hnen durch die luftdurchl\u00e4ssige Form.Die Massagefunktion sorgt f\u00fcr sanfte Entwirrung und bessere Durchblutung der Kopfhaut.","breadcrumb":{"@id":"https:\/\/shop.iconikair.com\/#breadcrumb"},"inLanguage":"de","potentialAction":[{"@type":"ReadAction","target":["https:\/\/shop.iconikair.com\/"]}]},{"@type":"BreadcrumbList","@id":"https:\/\/shop.iconikair.com\/#breadcrumb","itemListElement":[{"@type":"ListItem","position":1,"name":"Startseite","item":"https:\/\/shop.iconikair.com\/"},{"@type":"ListItem","position":2,"name":"Home"}]},{"@type":"WebSite","@id":"https:\/\/shop.iconikair.com\/#website","url":"https:\/\/shop.iconikair.com\/","name":"ICONIKAIR!\u00ae","description":"Das Original aus S\u00fcdkorea!","publisher":{"@id":"https:\/\/shop.iconikair.com\/#organization"},"potentialAction":[{"@type":"SearchAction","target":{"@type":"EntryPoint","urlTemplate":"https:\/\/shop.iconikair.com\/?s={search_term_string}"},"query-input":{"@type":"PropertyValueSpecification","valueRequired":true,"valueName":"search_term_string"}}],"inLanguage":"de"},{"@type":"Organization","@id":"https:\/\/shop.iconikair.com\/#organization","name":"ICONIKAIR!","url":"https:\/\/shop.iconikair.com\/","logo":{"@type":"ImageObject","inLanguage":"de","@id":"https:\/\/shop.iconikair.com\/#\/schema\/logo\/image\/","url":"https:\/\/shop.iconikair.com\/wp-content\/uploads\/2020\/01\/LOGO-BLACK-jpeg-scaled.jpg","contentUrl":"https:\/\/shop.iconikair.com\/wp-content\/uploads\/2020\/01\/LOGO-BLACK-jpeg-scaled.jpg","width":2560,"height":685,"caption":"ICONIKAIR!"},"image":{"@id":"https:\/\/shop.iconikair.com\/#\/schema\/logo\/image\/"},"sameAs":["https:\/\/www.facebook.com\/ICONIKAIR-103047561126156\/","https:\/\/www.instagram.com\/iconikair\/"]}]}},"_links":{"self":[{"href":"https:\/\/shop.iconikair.com\/index.php\/wp-json\/wp\/v2\/pages\/4","targetHints":{"allow":["GET"]}}],"collection":[{"href":"https:\/\/shop.iconikair.com\/index.php\/wp-json\/wp\/v2\/pages"}],"about":[{"href":"https:\/\/shop.iconikair.com\/index.php\/wp-json\/wp\/v2\/types\/page"}],"author":[{"embeddable":true,"href":"https:\/\/shop.iconikair.com\/index.php\/wp-json\/wp\/v2\/users\/2"}],"replies":[{"embeddable":true,"href":"https:\/\/shop.iconikair.com\/index.php\/wp-json\/wp\/v2\/comments?post=4"}],"version-history":[{"count":1,"href":"https:\/\/shop.iconikair.com\/index.php\/wp-json\/wp\/v2\/pages\/4\/revisions"}],"predecessor-version":[{"id":1579,"href":"https:\/\/shop.iconikair.com\/index.php\/wp-json\/wp\/v2\/pages\/4\/revisions\/1579"}],"wp:attachment":[{"href":"https:\/\/shop.iconikair.com\/index.php\/wp-json\/wp\/v2\/media?parent=4"}],"curies":[{"name":"wp","href":"https:\/\/api.w.org\/{rel}","templated":true}]}}